{"id":86,"date":"2023-05-30T21:27:27","date_gmt":"2023-05-30T19:27:27","guid":{"rendered":"https:\/\/fysiotherapiewuurman.nl\/wp2\/?page_id=86"},"modified":"2023-05-30T21:40:54","modified_gmt":"2023-05-30T19:40:54","slug":"referenties","status":"publish","type":"page","link":"https:\/\/fysiotherapiewuurman.nl\/wp2\/referenties\/","title":{"rendered":"Referenties"},"content":{"rendered":"<h3>Referenties<\/h3>\n<p>Sinds mijn geboorte loop ik mank doordat mijn linkerbeen korter is dan mijn rechter.<br \/>\nNiet heel erg maar toch.<br \/>\n20 jaar geleden is bij toeval ontdekt dat ik ook een hele slechte en vergroeide rechterheup heb wat \u00f3\u00f3k heeft bijgedragen aan het slechte lopen.<br \/>\n2 oktober is er een nieuwe complete rechterheup geplaatst maar v\u00f3\u00f3r de operatie heb ik eerst contact gezocht met Roger Wuurman Fysiotherapie.<br \/>\nNu moet ik helemaal opnieuw leren lopen want de heup is voor het eerst van mijn leven in orde en is het beenlengte verschil opgeheven.<br \/>\nGeen eenvoudige taak maar samen met Roger sta ik versteld van het tot nu toe behaalde resultaat.<br \/>\nHij motiveert mij en ik heb volledig vertrouwen in zijn aanpak.<br \/>\nIk loop inmiddels al met \u00e9\u00e9n kruk en onder zijn begeleiding zelfs een stukje helemaal zonder kruk \u00e9n bijna zonder &#8220;schommelen&#8221;.<br \/>\nDit is voor het eerst in mijn leven dat ik dat kan dus ik ben daar natuurlijk heel blij mee.<br \/>\nWe zijn er nog niet want voor ik echt helemaal correct en zonder pijn kan lopen duurt nog wel even maar met deze behandeling<br \/>\nen nu al deze resultaten zal dat echt niet meer zolang op zich laten wachten .<\/p>\n<p>J.v.d.Eerden (02\/11\/2015)<\/p>\n<p>Amstelveen<\/p>\n","protected":false},"excerpt":{"rendered":"<p>Referenties Sinds mijn geboorte loop ik mank doordat mijn linkerbeen korter is dan mijn rechter. Niet heel erg maar toch. 20 jaar geleden is bij toeval ontdekt dat ik ook een hele slechte en vergroeide rechterheup heb wat \u00f3\u00f3k heeft bijgedragen aan het slechte lopen. 2 oktober is er een nieuwe complete rechterheup geplaatst maar [&hellip;]<\/p>\n","protected":false},"author":1,"featured_media":0,"parent":0,"menu_order":0,"comment_status":"closed","ping_status":"closed","template":"","meta":{"footnotes":""},"class_list":["post-86","page","type-page","status-publish","hentry"],"_links":{"self":[{"href":"https:\/\/fysiotherapiewuurman.nl\/wp2\/wp-json\/wp\/v2\/pages\/86","targetHints":{"allow":["GET"]}}],"collection":[{"href":"https:\/\/fysiotherapiewuurman.nl\/wp2\/wp-json\/wp\/v2\/pages"}],"about":[{"href":"https:\/\/fysiotherapiewuurman.nl\/wp2\/wp-json\/wp\/v2\/types\/page"}],"author":[{"embeddable":true,"href":"https:\/\/fysiotherapiewuurman.nl\/wp2\/wp-json\/wp\/v2\/users\/1"}],"replies":[{"embeddable":true,"href":"https:\/\/fysiotherapiewuurman.nl\/wp2\/wp-json\/wp\/v2\/comments?post=86"}],"version-history":[{"count":2,"href":"https:\/\/fysiotherapiewuurman.nl\/wp2\/wp-json\/wp\/v2\/pages\/86\/revisions"}],"predecessor-version":[{"id":113,"href":"https:\/\/fysiotherapiewuurman.nl\/wp2\/wp-json\/wp\/v2\/pages\/86\/revisions\/113"}],"wp:attachment":[{"href":"https:\/\/fysiotherapiewuurman.nl\/wp2\/wp-json\/wp\/v2\/media?parent=86"}],"curies":[{"name":"wp","href":"https:\/\/api.w.org\/{rel}","templated":true}]}}